{"id":109,"date":"2018-04-29T23:35:27","date_gmt":"2018-04-29T21:35:27","guid":{"rendered":"http:\/\/obigies.be\/?page_id=109"},"modified":"2023-07-14T22:47:40","modified_gmt":"2023-07-14T20:47:40","slug":"u17","status":"publish","type":"page","link":"https:\/\/obigies.be\/index.php\/u17\/","title":{"rendered":"U17"},"content":{"rendered":"<p>U17 (n\u00e9 en 2007)<\/p>\n<p>Entra\u00eeneur :<\/p>\n<p>Calendrier, r\u00e9sultats et classement : cliquez <a href=\"https:\/\/www.rbfa.be\/fr\/club\/2020\/equipe\/296137\/apercu\" target=\"_blank\" rel=\"noopener noreferrer\">ICI<\/a><\/p>\n","protected":false},"excerpt":{"rendered":"<p>U17 (n\u00e9 en 2007) Entra\u00eeneur : Calendrier, r\u00e9sultats et classement : cliquez ICI<\/p>\n","protected":false},"author":1,"featured_media":0,"parent":0,"menu_order":0,"comment_status":"closed","ping_status":"closed","template":"page-templates\/full-width.php","meta":{"footnotes":""},"_links":{"self":[{"href":"https:\/\/obigies.be\/index.php\/wp-json\/wp\/v2\/pages\/109"}],"collection":[{"href":"https:\/\/obigies.be\/index.php\/wp-json\/wp\/v2\/pages"}],"about":[{"href":"https:\/\/obigies.be\/index.php\/wp-json\/wp\/v2\/types\/page"}],"author":[{"embeddable":true,"href":"https:\/\/obigies.be\/index.php\/wp-json\/wp\/v2\/users\/1"}],"replies":[{"embeddable":true,"href":"https:\/\/obigies.be\/index.php\/wp-json\/wp\/v2\/comments?post=109"}],"version-history":[{"count":16,"href":"https:\/\/obigies.be\/index.php\/wp-json\/wp\/v2\/pages\/109\/revisions"}],"predecessor-version":[{"id":1176,"href":"https:\/\/obigies.be\/index.php\/wp-json\/wp\/v2\/pages\/109\/revisions\/1176"}],"wp:attachment":[{"href":"https:\/\/obigies.be\/index.php\/wp-json\/wp\/v2\/media?parent=109"}],"curies":[{"name":"wp","href":"https:\/\/api.w.org\/{rel}","templated":true}]}}