{"id":2,"date":"2018-04-29T16:45:21","date_gmt":"2018-04-29T14:45:21","guid":{"rendered":"http:\/\/obigies.be\/?page_id=2"},"modified":"2023-07-14T17:53:38","modified_gmt":"2023-07-14T15:53:38","slug":"page-d-exemple","status":"publish","type":"page","link":"https:\/\/obigies.be\/","title":{"rendered":"Pr\u00e9sentation"},"content":{"rendered":"<p>Cr\u00e9\u00e9 le 12 ao\u00fbt 1954, l&rsquo;<a href=\"https:\/\/www.rbfa.be\/fr\/club\/2020\/infos\" target=\"_blank\" rel=\"noopener noreferrer\">ASSA Obigies<\/a> est devenu en plusieurs ann\u00e9es, une valeur s\u00fbre du football de notre r\u00e9gion.<\/p>\n<p>Labellis\u00e9 ACFF (pour plus de renseignements : <a href=\"https:\/\/www.acff.be\/clubs\/informations-labels\" target=\"_blank\" rel=\"noopener\">cliquez ici<\/a>), les jeunes sont au centre de notre projet.<\/p>\n<p>Nous proposons une \u00e9quipe dans quasi toutes les cat\u00e9gories cat\u00e9gorie d&rsquo;\u00e2ge avec l&rsquo;ambition de faire grandir nos joueurs selon des valeurs auxquelles nous croyons :<\/p>\n<ul>\n<li>Le respect : de soi, des camarades, des arbitres, des entra\u00eeneurs, des parents et des \u00ab\u00a0adversaires\u00a0\u00bb ;<\/li>\n<li>Le d\u00e9passement de soi (\u00e0 ne pas confondre avec l&rsquo;\u00e9litisme !) ;<\/li>\n<li>L&rsquo;entraide ;<\/li>\n<li>L&rsquo;autonomie.<\/li>\n<\/ul>\n<p>Envie de participer \u00e0 notre projet ?\u00a0<a href=\"https:\/\/obigies.be\/index.php\/contactez-nous\/\">Contactez-nous !<\/a><\/p>\n","protected":false},"excerpt":{"rendered":"<p>Cr\u00e9\u00e9 le 12 ao\u00fbt 1954, l&rsquo;ASSA Obigies est devenu en plusieurs ann\u00e9es, une valeur s\u00fbre du football de notre r\u00e9gion. Labellis\u00e9 ACFF (pour plus de renseignements : cliquez ici), les jeunes sont au centre de notre projet. Nous proposons une \u00e9quipe dans quasi toutes les cat\u00e9gories cat\u00e9gorie d&rsquo;\u00e2ge avec l&rsquo;ambition de faire grandir nos joueurs [&hellip;]<\/p>\n","protected":false},"author":1,"featured_media":0,"parent":0,"menu_order":0,"comment_status":"closed","ping_status":"open","template":"page-templates\/full-width.php","meta":{"footnotes":""},"_links":{"self":[{"href":"https:\/\/obigies.be\/index.php\/wp-json\/wp\/v2\/pages\/2"}],"collection":[{"href":"https:\/\/obigies.be\/index.php\/wp-json\/wp\/v2\/pages"}],"about":[{"href":"https:\/\/obigies.be\/index.php\/wp-json\/wp\/v2\/types\/page"}],"author":[{"embeddable":true,"href":"https:\/\/obigies.be\/index.php\/wp-json\/wp\/v2\/users\/1"}],"replies":[{"embeddable":true,"href":"https:\/\/obigies.be\/index.php\/wp-json\/wp\/v2\/comments?post=2"}],"version-history":[{"count":16,"href":"https:\/\/obigies.be\/index.php\/wp-json\/wp\/v2\/pages\/2\/revisions"}],"predecessor-version":[{"id":1112,"href":"https:\/\/obigies.be\/index.php\/wp-json\/wp\/v2\/pages\/2\/revisions\/1112"}],"wp:attachment":[{"href":"https:\/\/obigies.be\/index.php\/wp-json\/wp\/v2\/media?parent=2"}],"curies":[{"name":"wp","href":"https:\/\/api.w.org\/{rel}","templated":true}]}}