{"id":219,"date":"2018-08-06T00:00:43","date_gmt":"2018-08-05T22:00:43","guid":{"rendered":"http:\/\/obigies.be\/?page_id=219"},"modified":"2025-08-05T16:16:36","modified_gmt":"2025-08-05T14:16:36","slug":"notre-staff","status":"publish","type":"page","link":"https:\/\/obigies.be\/index.php\/notre-staff\/","title":{"rendered":"Le Staff Jeunes"},"content":{"rendered":"<p>Le comit\u00e9 : cliquez <a href=\"https:\/\/obigies.be\/index.php\/comite-des-jeunes\/\">ICI<\/a><\/p>\n<p>En cliquant sur le nom de la personne, vous acc\u00e9dez \u00e0 ses coordonn\u00e9es :<\/p>\n<p>Entra\u00eeneur U4 (n\u00e9 en 2022) : <a href=\"https:\/\/obigies.be\/index.php\/staff\/celine-cretal\/\">C\u00e9line Cr\u00e9tal<\/a><br \/>\nEntra\u00eeneur U6 (n\u00e9 en 2020 ou 2021) : <a href=\"https:\/\/obigies.be\/index.php\/staff\/nicolas-grugeon\/\" target=\"_blank\" rel=\"noopener\">Nicolas Grugeon\u00a0<\/a>aid\u00e9 par Oscar Lemay<br \/>\nEntra\u00eeneur U7 (n\u00e9 en 2019) : <a href=\"https:\/\/obigies.be\/index.php\/staff\/bastien-coeuret\/\">Bastien Coeuret<\/a><br \/>\nEntra\u00eeneurs U8 (n\u00e9 en 2018) : <a href=\"https:\/\/obigies.be\/index.php\/staff\/arthur-delsoir\/\">Arthur Delsoir <\/a>et <a href=\"https:\/\/obigies.be\/index.php\/staff\/timothy-altruy\/\" target=\"_blank\" rel=\"noopener\">Timothy Altruy<\/a><br \/>\nEntra\u00eeneurs U9 (n\u00e9 en 2017) : <a href=\"https:\/\/obigies.be\/index.php\/staff\/yves-junior-bossaert\/\" target=\"_blank\" rel=\"noopener\">Yves Junior Bossaert<\/a> et Guillaume Cl\u00e9ment<br \/>\nEntra\u00eeneur U10 (n\u00e9 en 2016) : <a href=\"https:\/\/obigies.be\/index.php\/staff\/dany-colle\/\" target=\"_blank\" rel=\"noopener\">Dany\u00a0 Colle<\/a><br \/>\nEntra\u00eeneurs U11 ((n\u00e9 en 2015) : <a href=\"https:\/\/obigies.be\/index.php\/staff\/1278\/\">Richart Augustin<\/a> et <a href=\"https:\/\/obigies.be\/index.php\/staff\/thomas-sylvart\/\">Thomas Sylvart<\/a><br \/>\nEntra\u00eeneurs U12\u00a0 (n\u00e9 en 2014) : Corentin Bury et Anthony Lamant<br \/>\nEntra\u00eeneurs U13 (n\u00e9 en 2013) : <a href=\"https:\/\/obigies.be\/index.php\/staff\/florent-duquesne\/\">Florent Duquesne<\/a> et <a href=\"https:\/\/obigies.be\/index.php\/staff\/jerome-bialek\/\">J\u00e9r\u00f4me Bialek<\/a><br \/>\nEntra\u00eeneurs U14 (n\u00e9 en 2012) : <a href=\"https:\/\/obigies.be\/index.php\/staff\/enzo-colin\/\" target=\"_blank\" rel=\"noopener\">Enzo Colin<\/a> et <a href=\"https:\/\/obigies.be\/index.php\/staff\/quentin-samyn\/\">Quentin Samyn<\/a><br \/>\nEntra\u00eeneurs U17 (n\u00e9 en 2009) : <a href=\"https:\/\/obigies.be\/index.php\/staff\/thierry-colin\/\">Thierry Colin<\/a><br \/>\nEntra\u00eeneur U19 (n\u00e9 en 2008 et 2007) : K\u00e9vin Yashar<\/p>\n","protected":false},"excerpt":{"rendered":"<p>Le comit\u00e9 : cliquez ICI En cliquant sur le nom de la personne, vous acc\u00e9dez \u00e0 ses coordonn\u00e9es : Entra\u00eeneur U4 (n\u00e9 en 2022) : C\u00e9line Cr\u00e9tal Entra\u00eeneur U6 (n\u00e9 en 2020 ou 2021) : Nicolas Grugeon\u00a0aid\u00e9 par Oscar Lemay Entra\u00eeneur U7 (n\u00e9 en 2019) : Bastien Coeuret Entra\u00eeneurs U8 (n\u00e9 en 2018) : Arthur [&hellip;]<\/p>\n","protected":false},"author":1,"featured_media":0,"parent":0,"menu_order":0,"comment_status":"closed","ping_status":"closed","template":"page-templates\/full-width.php","meta":{"footnotes":""},"_links":{"self":[{"href":"https:\/\/obigies.be\/index.php\/wp-json\/wp\/v2\/pages\/219"}],"collection":[{"href":"https:\/\/obigies.be\/index.php\/wp-json\/wp\/v2\/pages"}],"about":[{"href":"https:\/\/obigies.be\/index.php\/wp-json\/wp\/v2\/types\/page"}],"author":[{"embeddable":true,"href":"https:\/\/obigies.be\/index.php\/wp-json\/wp\/v2\/users\/1"}],"replies":[{"embeddable":true,"href":"https:\/\/obigies.be\/index.php\/wp-json\/wp\/v2\/comments?post=219"}],"version-history":[{"count":100,"href":"https:\/\/obigies.be\/index.php\/wp-json\/wp\/v2\/pages\/219\/revisions"}],"predecessor-version":[{"id":1297,"href":"https:\/\/obigies.be\/index.php\/wp-json\/wp\/v2\/pages\/219\/revisions\/1297"}],"wp:attachment":[{"href":"https:\/\/obigies.be\/index.php\/wp-json\/wp\/v2\/media?parent=219"}],"curies":[{"name":"wp","href":"https:\/\/api.w.org\/{rel}","templated":true}]}}