{"id":246,"date":"2018-08-06T00:34:33","date_gmt":"2018-08-05T22:34:33","guid":{"rendered":"http:\/\/obigies.be\/?page_id=246"},"modified":"2023-07-17T08:54:16","modified_gmt":"2023-07-17T06:54:16","slug":"engagement-du-joueur-de-football","status":"publish","type":"page","link":"https:\/\/obigies.be\/index.php\/engagement-du-joueur-de-football\/","title":{"rendered":"Engagement du joueur de football"},"content":{"rendered":"<ul>\n<li>A l\u2019entra\u00eenement :<\/li>\n<\/ul>\n<p>&#8211; Je veille \u00e0 \u00eatre pr\u00eat \u00e0 l\u2019heure du d\u00e9but d\u2019entrainement<br \/>\n&#8211; Je respecte les consignes donn\u00e9es par l\u2019entra\u00eeneur<br \/>\n&#8211; Je fais preuve de volont\u00e9 afin de progresser et de permettre \u00e0 mon \u00e9quipe de devenir plus performante<br \/>\n&#8211; Le rangement du mat\u00e9riel fait partie de l\u2019entra\u00eenement. J\u2019aide donc spontan\u00e9ment mon entra\u00eeneur au rangement \u00e0 la fin de l\u2019entrainement<\/p>\n<ul>\n<li>Les jours de match:<\/li>\n<\/ul>\n<p>&#8211; Le jour du match je viens avec le training du club (si j\u2019en ai re\u00e7u un) et des chaussures de sport (le reste de mon \u00e9quipement, y compris mes chaussures de foot, se trouve dans mon sac)<br \/>\n&#8211; Je repr\u00e9sente mon club : je fais donc attention \u00e0 mon attitude sur et en dehors du terrain<br \/>\n&#8211; Je remplis mon r\u00f4le d\u2019\u00e9quipier en respectant le placement et les consignes de mon entra\u00eeneur<br \/>\n&#8211; JE RESPECTE MES \u00c9QUIPIERS, je les encourage et \u00e9vite de les critiquer<br \/>\n&#8211; Je NE DISCUTE PAS les d\u00e9cisions de l\u2019arbitre. Il faut apprendre \u00e0 accepter et \u00e0 respecter l\u2019autorit\u00e9 et les d\u00e9cisions arbitrales.\u00a0 Celui-ci est un \u00eatre humain qui peut aussi se tromper.<br \/>\n&#8211; Je RESPECTE MES ADVERSAIRES. L\u2019adversaire n\u2019est pas un ennemi mais un partenaire de jeu.\u00a0 Je dois donc \u00eatre poli et correct vis-\u00e0-vis des joueurs, des entra\u00eeneurs, d\u00e9l\u00e9gu\u00e9s et supporters adverses.<br \/>\n&#8211; A la fin de la rencontre, je serre la main des adversaires ainsi que de l\u2019arbitre.<\/p>\n<ul>\n<li>Je m\u2019organise :<\/li>\n<\/ul>\n<p>&#8211; C\u2019est MOI qui g\u00e8re mes affaires de foot (inventaire du sac avant et apr\u00e8s entra\u00eenement ou match)<br \/>\n&#8211; Je lave ou fais LAVER mes affaires sales \u00e0 temps afin de les r\u00e9cup\u00e9rer pour l\u2019entra\u00eenement ou le match suivant<\/p>\n","protected":false},"excerpt":{"rendered":"<p>A l\u2019entra\u00eenement : &#8211; Je veille \u00e0 \u00eatre pr\u00eat \u00e0 l\u2019heure du d\u00e9but d\u2019entrainement &#8211; Je respecte les consignes donn\u00e9es par l\u2019entra\u00eeneur &#8211; Je fais preuve de volont\u00e9 afin de progresser et de permettre \u00e0 mon \u00e9quipe de devenir plus performante &#8211; Le rangement du mat\u00e9riel fait partie de l\u2019entra\u00eenement. J\u2019aide donc spontan\u00e9ment mon entra\u00eeneur [&hellip;]<\/p>\n","protected":false},"author":1,"featured_media":0,"parent":0,"menu_order":0,"comment_status":"closed","ping_status":"closed","template":"page-templates\/full-width.php","meta":{"footnotes":""},"_links":{"self":[{"href":"https:\/\/obigies.be\/index.php\/wp-json\/wp\/v2\/pages\/246"}],"collection":[{"href":"https:\/\/obigies.be\/index.php\/wp-json\/wp\/v2\/pages"}],"about":[{"href":"https:\/\/obigies.be\/index.php\/wp-json\/wp\/v2\/types\/page"}],"author":[{"embeddable":true,"href":"https:\/\/obigies.be\/index.php\/wp-json\/wp\/v2\/users\/1"}],"replies":[{"embeddable":true,"href":"https:\/\/obigies.be\/index.php\/wp-json\/wp\/v2\/comments?post=246"}],"version-history":[{"count":3,"href":"https:\/\/obigies.be\/index.php\/wp-json\/wp\/v2\/pages\/246\/revisions"}],"predecessor-version":[{"id":1204,"href":"https:\/\/obigies.be\/index.php\/wp-json\/wp\/v2\/pages\/246\/revisions\/1204"}],"wp:attachment":[{"href":"https:\/\/obigies.be\/index.php\/wp-json\/wp\/v2\/media?parent=246"}],"curies":[{"name":"wp","href":"https:\/\/api.w.org\/{rel}","templated":true}]}}