{"id":249,"date":"2018-08-06T00:37:41","date_gmt":"2018-08-05T22:37:41","guid":{"rendered":"http:\/\/obigies.be\/?page_id=249"},"modified":"2021-07-21T17:58:02","modified_gmt":"2021-07-21T15:58:02","slug":"engagement-du-parent-de-joueur","status":"publish","type":"page","link":"https:\/\/obigies.be\/index.php\/engagement-du-parent-de-joueur\/","title":{"rendered":"Engagement du parent de joueur"},"content":{"rendered":"<p>Afin que nos joueurs puissent \u00e9voluer dans un contexte positif, il est important que les adultes accompagnants les joueurs respectent eux aussi les principes du fair-play et certains engagements li\u00e9s \u00e0 la pratique d\u2019un sport d\u2019\u00e9quipe.<\/p>\n<p>\u00caTRE PARENT DE FOOTBALLEUR C&rsquo;EST :<\/p>\n<ul>\n<li>Motiver\u00a0:<\/li>\n<\/ul>\n<p>&#8211; Encourager son enfant \u00e0 \u00eatre assidu dans son sport<br \/>\n&#8211; S\u2019organiser pour que son enfant puisse \u00eatre pr\u00e9sent le plus r\u00e9guli\u00e8rement possible aux entra\u00eenements, aux matchs et aux tournois de fin de saison<\/p>\n<ul>\n<li>Participer :<\/li>\n<\/ul>\n<p>&#8211; \u00catre pr\u00e9sent, le plus souvent possible, aux rencontres de son enfant<br \/>\n&#8211; Participer, comme tous les autres parents et de fa\u00e7on r\u00e9guli\u00e8re aux transports des enfants<br \/>\n&#8211; Participer, et \u00e9ventuellement aider, dans la mesure de ses possibilit\u00e9s, aux activit\u00e9s organis\u00e9es par le club (repas, tournois, journ\u00e9es de travaux, &#8230;)<\/p>\n<ul>\n<li>\u00catre Fair-Play :<\/li>\n<\/ul>\n<p>&#8211; Respecter les d\u00e9cisions des arbitres<br \/>\n&#8211; Respecter les joueurs, dirigeants et parents de l\u2019\u00e9quipe adverse<br \/>\n&#8211; Refuser toutes formes de violence (physique ou verbale) en restant ma\u00eetre de soi en toutes circonstances<\/p>\n<ul>\n<li>Respecter :<\/li>\n<\/ul>\n<p>&#8211; Pr\u00e9venir, le plus t\u00f4t possible, l\u2019entraineur de son enfant, en cas d\u2019absence \u00e0 l\u2019entra\u00eenement ou un match<br \/>\n&#8211; Respecter les horaires d\u2019entra\u00eenement et de rendez-vous pour les matchs<br \/>\n&#8211; Respecter les entraineurs et coordinateurs, leur travail, leurs choix<br \/>\n&#8211; Laisser son enfant \u00e0 l\u2019entra\u00eeneur et ne pas intervenir pendant les entra\u00eenements ou les matchs.<\/p>\n<ul>\n<li>Ne pas oublier :<\/li>\n<\/ul>\n<p>&#8211; Que les dirigeants sont des b\u00e9n\u00e9voles et qu\u2019ils donnent de leur temps \u00e0 la vie du club de votre enfant<br \/>\n&#8211; Que les joueurs ainsi que les arbitres ont le droit \u00e0 l\u2019erreur<br \/>\n&#8211; Que ce sont les adultes qui doivent veiller \u00e0 montrer le bon exemple aux jeunes<br \/>\n<strong>&#8211;\u00a0<u>QUE LE FOOTBALL EST UN JEU<\/u><\/strong><br \/>\n<strong>&#8211;<\/strong><strong>\u00a0<u>QUE C\u2019EST \u00ab\u00a0LEUR\u00a0\u00bb MATCH AVANT TOUT<\/u><\/strong><\/p>\n<p>Cependant, si vous avez des questions ou des remarques, vous pouvez toujours prendre contact avec l\u2019entra\u00eeneur ou le coordinateur de votre cat\u00e9gorie, le RTFJ ou tout autre membre du comit\u00e9 pour en discuter de mani\u00e8re constructive.<\/p>\n","protected":false},"excerpt":{"rendered":"<p>Afin que nos joueurs puissent \u00e9voluer dans un contexte positif, il est important que les adultes accompagnants les joueurs respectent eux aussi les principes du fair-play et certains engagements li\u00e9s \u00e0 la pratique d\u2019un sport d\u2019\u00e9quipe. \u00caTRE PARENT DE FOOTBALLEUR C&rsquo;EST : Motiver\u00a0: &#8211; Encourager son enfant \u00e0 \u00eatre assidu dans son sport &#8211; S\u2019organiser [&hellip;]<\/p>\n","protected":false},"author":1,"featured_media":0,"parent":0,"menu_order":0,"comment_status":"closed","ping_status":"closed","template":"page-templates\/full-width.php","meta":{"footnotes":""},"_links":{"self":[{"href":"https:\/\/obigies.be\/index.php\/wp-json\/wp\/v2\/pages\/249"}],"collection":[{"href":"https:\/\/obigies.be\/index.php\/wp-json\/wp\/v2\/pages"}],"about":[{"href":"https:\/\/obigies.be\/index.php\/wp-json\/wp\/v2\/types\/page"}],"author":[{"embeddable":true,"href":"https:\/\/obigies.be\/index.php\/wp-json\/wp\/v2\/users\/1"}],"replies":[{"embeddable":true,"href":"https:\/\/obigies.be\/index.php\/wp-json\/wp\/v2\/comments?post=249"}],"version-history":[{"count":5,"href":"https:\/\/obigies.be\/index.php\/wp-json\/wp\/v2\/pages\/249\/revisions"}],"predecessor-version":[{"id":931,"href":"https:\/\/obigies.be\/index.php\/wp-json\/wp\/v2\/pages\/249\/revisions\/931"}],"wp:attachment":[{"href":"https:\/\/obigies.be\/index.php\/wp-json\/wp\/v2\/media?parent=249"}],"curies":[{"name":"wp","href":"https:\/\/api.w.org\/{rel}","templated":true}]}}