{"id":253,"date":"2018-08-06T00:39:51","date_gmt":"2018-08-05T22:39:51","guid":{"rendered":"http:\/\/obigies.be\/?page_id=253"},"modified":"2023-07-17T08:56:42","modified_gmt":"2023-07-17T06:56:42","slug":"equipement-du-joueur","status":"publish","type":"page","link":"https:\/\/obigies.be\/index.php\/equipement-du-joueur\/","title":{"rendered":"Equipement du joueur"},"content":{"rendered":"<p>Chaque joueur sera muni d\u2019un sac contenant\u00a0:<\/p>\n<ul>\n<li>Une gourde <strong>personnelle<\/strong> remplie. Vu le contexte sanitaire, aucune bouteille ou gourde collective ne sera plus distribu\u00e9e par le club !<\/li>\n<li>Des v\u00eatements de rechange (y compris des chaussures <strong>propres<\/strong> pour rentrer dans la buvette !!!)<\/li>\n<li>Un essuie de bain (aussi bien \u00e0 l\u2019entra\u00eenement qu\u2019au match)<\/li>\n<li>Des\u00a0\u00ab\u00a0claquettes\u00a0\u00bb (vivement conseill\u00e9es car carrelage glissant et plus hygi\u00e9nique)<\/li>\n<li>Les jambi\u00e8res sont <strong>OBLIGATOIRES<\/strong><\/li>\n<li>Un K-Way est toujours recommand\u00e9<\/li>\n<li>Un training (voire des gants, un bonnet, etc.) d\u00e8s qu\u2019il fera plus frais<\/li>\n<\/ul>\n<ul>\n<li><strong><u>les CHAUSSETTES et le SHORT re\u00e7us au club<\/u><\/strong> pour les matchs et les tournois<\/li>\n<li>Si l\u2019enfant a re\u00e7u un training du club, il lui sera demand\u00e9 de le porter pour se rendre aux matchs<\/li>\n<li>Pour les matchs, l\u2019enfant devra \u00eatre <strong><u>en possession de sa carte d\u2019identit\u00e9<\/u><\/strong> (d\u00e8s les U7). En cas d\u2019oubli, le match peut lui \u00eatre refus\u00e9 (d\u00e9cision de l\u2019arbitre).<\/li>\n<li>Le port de bijoux est <strong>INTERDIT<\/strong> pendant l\u2019entra\u00eenement et les matchs.<\/li>\n<\/ul>\n<p><strong>Nous vous demandons d\u2019identifier clairement (nominettes ou autres) l\u2019ensemble des \u00e9quipements sportifs de vos enfants<\/strong><\/p>\n","protected":false},"excerpt":{"rendered":"<p>Chaque joueur sera muni d\u2019un sac contenant\u00a0: Une gourde personnelle remplie. Vu le contexte sanitaire, aucune bouteille ou gourde collective ne sera plus distribu\u00e9e par le club ! Des v\u00eatements de rechange (y compris des chaussures propres pour rentrer dans la buvette !!!) Un essuie de bain (aussi bien \u00e0 l\u2019entra\u00eenement qu\u2019au match) Des\u00a0\u00ab\u00a0claquettes\u00a0\u00bb (vivement [&hellip;]<\/p>\n","protected":false},"author":1,"featured_media":0,"parent":0,"menu_order":0,"comment_status":"closed","ping_status":"closed","template":"page-templates\/full-width.php","meta":{"footnotes":""},"_links":{"self":[{"href":"https:\/\/obigies.be\/index.php\/wp-json\/wp\/v2\/pages\/253"}],"collection":[{"href":"https:\/\/obigies.be\/index.php\/wp-json\/wp\/v2\/pages"}],"about":[{"href":"https:\/\/obigies.be\/index.php\/wp-json\/wp\/v2\/types\/page"}],"author":[{"embeddable":true,"href":"https:\/\/obigies.be\/index.php\/wp-json\/wp\/v2\/users\/1"}],"replies":[{"embeddable":true,"href":"https:\/\/obigies.be\/index.php\/wp-json\/wp\/v2\/comments?post=253"}],"version-history":[{"count":6,"href":"https:\/\/obigies.be\/index.php\/wp-json\/wp\/v2\/pages\/253\/revisions"}],"predecessor-version":[{"id":1206,"href":"https:\/\/obigies.be\/index.php\/wp-json\/wp\/v2\/pages\/253\/revisions\/1206"}],"wp:attachment":[{"href":"https:\/\/obigies.be\/index.php\/wp-json\/wp\/v2\/media?parent=253"}],"curies":[{"name":"wp","href":"https:\/\/api.w.org\/{rel}","templated":true}]}}