{"id":265,"date":"2018-08-06T00:47:05","date_gmt":"2018-08-05T22:47:05","guid":{"rendered":"http:\/\/obigies.be\/?page_id=265"},"modified":"2023-07-17T09:03:53","modified_gmt":"2023-07-17T07:03:53","slug":"participation-a-la-vie-du-club","status":"publish","type":"page","link":"https:\/\/obigies.be\/index.php\/participation-a-la-vie-du-club\/","title":{"rendered":"Participation \u00e0 la vie du club"},"content":{"rendered":"<p>Un groupe <a href=\"https:\/\/www.facebook.com\/groups\/167856656587004\" target=\"_blank\" rel=\"noopener noreferrer\"><strong>Facebook \u00ab ASSA Obigies \u00bb<\/strong><\/a> est r\u00e9guli\u00e8rement utilis\u00e9 pour partager les \u00e9v\u00e8nements qui font la vie du club. Nous vous encourageons \u00e0 vous inscrire \u00e0 ce groupe.<br \/>\nToutefois, s\u2019il y a un probl\u00e8me, merci de contacter personnellement les personnes<br \/>\nconcern\u00e9es.<br \/>\nLes communications passeront \u00e9galement par mail.<\/p>\n<p>Outre les matchs et les entrainements, plusieurs <strong>activit\u00e9s<\/strong> (repas, tournois, \u2026) sont organis\u00e9es durant l\u2019ann\u00e9e. Elles font partie int\u00e9grante de la vie du club et contribuent \u00e0 cr\u00e9er des liens entre nos membres. Elles servent \u00e9galement \u00e0 r\u00e9colter des fonds afin d\u2019am\u00e9liorer les infrastructures dont b\u00e9n\u00e9ficient vos enfants. <strong>Votre pr\u00e9sence et votre aide est <\/strong><strong>donc toujours la bienvenue.<\/strong><br \/>\nUn club sans \u00e9quipe premi\u00e8re n\u2019existe pas. Vous pouvez ainsi venir <strong>encourager nos \u00e9quipes <a href=\"https:\/\/obigies.be\/index.php\/nos-equipes\/premieres-2a\/\" target=\"_blank\" rel=\"noopener noreferrer\">P2<\/a><\/strong><a href=\"https:\/\/obigies.be\/index.php\/nos-equipes\/premieres-2a\/\" target=\"_blank\" rel=\"noopener noreferrer\">, <\/a><strong><a href=\"https:\/\/obigies.be\/index.php\/premiere-dames-p3a\/\" target=\"_blank\" rel=\"noopener\">P3 Dames <\/a><\/strong>et<strong> <a href=\"https:\/\/obigies.be\/index.php\/nos-equipes\/premieres-4a\/\" target=\"_blank\" rel=\"noopener noreferrer\">P4<\/a><\/strong>.<\/p>\n","protected":false},"excerpt":{"rendered":"<p>Un groupe Facebook \u00ab ASSA Obigies \u00bb est r\u00e9guli\u00e8rement utilis\u00e9 pour partager les \u00e9v\u00e8nements qui font la vie du club. Nous vous encourageons \u00e0 vous inscrire \u00e0 ce groupe. Toutefois, s\u2019il y a un probl\u00e8me, merci de contacter personnellement les personnes concern\u00e9es. Les communications passeront \u00e9galement par mail. Outre les matchs et les entrainements, plusieurs [&hellip;]<\/p>\n","protected":false},"author":1,"featured_media":0,"parent":0,"menu_order":0,"comment_status":"closed","ping_status":"closed","template":"page-templates\/full-width.php","meta":{"footnotes":""},"_links":{"self":[{"href":"https:\/\/obigies.be\/index.php\/wp-json\/wp\/v2\/pages\/265"}],"collection":[{"href":"https:\/\/obigies.be\/index.php\/wp-json\/wp\/v2\/pages"}],"about":[{"href":"https:\/\/obigies.be\/index.php\/wp-json\/wp\/v2\/types\/page"}],"author":[{"embeddable":true,"href":"https:\/\/obigies.be\/index.php\/wp-json\/wp\/v2\/users\/1"}],"replies":[{"embeddable":true,"href":"https:\/\/obigies.be\/index.php\/wp-json\/wp\/v2\/comments?post=265"}],"version-history":[{"count":8,"href":"https:\/\/obigies.be\/index.php\/wp-json\/wp\/v2\/pages\/265\/revisions"}],"predecessor-version":[{"id":1210,"href":"https:\/\/obigies.be\/index.php\/wp-json\/wp\/v2\/pages\/265\/revisions\/1210"}],"wp:attachment":[{"href":"https:\/\/obigies.be\/index.php\/wp-json\/wp\/v2\/media?parent=265"}],"curies":[{"name":"wp","href":"https:\/\/api.w.org\/{rel}","templated":true}]}}