{"id":268,"date":"2018-08-06T00:47:41","date_gmt":"2018-08-05T22:47:41","guid":{"rendered":"http:\/\/obigies.be\/?page_id=268"},"modified":"2023-07-17T09:05:59","modified_gmt":"2023-07-17T07:05:59","slug":"accidents-sportifs","status":"publish","type":"page","link":"https:\/\/obigies.be\/index.php\/accidents-sportifs\/","title":{"rendered":"Accidents sportifs"},"content":{"rendered":"<p>En cas d\u2019accident lors d\u2019un match ou d\u2019un entrainement, les joueurs sont couverts par l\u2019assurance de la F\u00e9d\u00e9ration (pour peu qu\u2019ils soient en ordre d\u2019affiliation).<br \/>\nSi cela devait vous arriver, pensez \u00e0 <u>demander une d\u00e9claration d\u2019accident<\/u> \u00e0 votre entraineur ou d\u00e9l\u00e9gu\u00e9 (documents disponibles dans le vestiaire entraineur) ou au club<br \/>\nadverse en cas de match \u00e0 l\u2019ext\u00e9rieur.<\/p>\n<p>Cette d\u00e9claration doit \u00eatre <u>compl\u00e9t\u00e9e par le m\u00e9decin<\/u> pour une face, et <u>par la victime<\/u> <u>pour l\u2019autre face<\/u>\u00a0!!! Les renseignements administratifs que vous ne pouvez compl\u00e9ter par vous-m\u00eame seront rajout\u00e9s par la suite par le \u00ab\u00a0responsable accidents\u00a0\u00bb du comit\u00e9.<\/p>\n<p>Pensez \u00e0 <strong><u>rendre cette d\u00e9claration au <a href=\"https:\/\/obigies.be\/index.php\/staff\/jean-louis-debaes\/\" target=\"_blank\" rel=\"noopener noreferrer\">secr\u00e9taire<\/a> ou au <a href=\"https:\/\/obigies.be\/index.php\/staff\/jean-hennart\/\" target=\"_blank\" rel=\"noopener noreferrer\">correspondant qualifi\u00e9<\/a> dans les 15 jours calendriers suivant l\u2019accident<\/u><\/strong>, afin que nous puissions l\u2019envoyer \u00e0 la F\u00e9d\u00e9ration dans les temps.<\/p>\n<p>Les remboursements de frais seront calcul\u00e9s par la F\u00e9d\u00e9ration <u>sur base des attestations de mutuelle uniquement<\/u> (documents originaux, pas de photocopies).<\/p>\n<p>Attention que les remboursements prennent un certain temps, voir un temps certain \u00e0 arriver. Ce n&rsquo;est nullement une volont\u00e9 de notre part, nous sommes tributaire de la F\u00e9d\u00e9ration.<\/p>\n","protected":false},"excerpt":{"rendered":"<p>En cas d\u2019accident lors d\u2019un match ou d\u2019un entrainement, les joueurs sont couverts par l\u2019assurance de la F\u00e9d\u00e9ration (pour peu qu\u2019ils soient en ordre d\u2019affiliation). Si cela devait vous arriver, pensez \u00e0 demander une d\u00e9claration d\u2019accident \u00e0 votre entraineur ou d\u00e9l\u00e9gu\u00e9 (documents disponibles dans le vestiaire entraineur) ou au club adverse en cas de match [&hellip;]<\/p>\n","protected":false},"author":1,"featured_media":0,"parent":0,"menu_order":0,"comment_status":"closed","ping_status":"closed","template":"page-templates\/full-width.php","meta":{"footnotes":""},"_links":{"self":[{"href":"https:\/\/obigies.be\/index.php\/wp-json\/wp\/v2\/pages\/268"}],"collection":[{"href":"https:\/\/obigies.be\/index.php\/wp-json\/wp\/v2\/pages"}],"about":[{"href":"https:\/\/obigies.be\/index.php\/wp-json\/wp\/v2\/types\/page"}],"author":[{"embeddable":true,"href":"https:\/\/obigies.be\/index.php\/wp-json\/wp\/v2\/users\/1"}],"replies":[{"embeddable":true,"href":"https:\/\/obigies.be\/index.php\/wp-json\/wp\/v2\/comments?post=268"}],"version-history":[{"count":5,"href":"https:\/\/obigies.be\/index.php\/wp-json\/wp\/v2\/pages\/268\/revisions"}],"predecessor-version":[{"id":1211,"href":"https:\/\/obigies.be\/index.php\/wp-json\/wp\/v2\/pages\/268\/revisions\/1211"}],"wp:attachment":[{"href":"https:\/\/obigies.be\/index.php\/wp-json\/wp\/v2\/media?parent=268"}],"curies":[{"name":"wp","href":"https:\/\/api.w.org\/{rel}","templated":true}]}}