{"id":271,"date":"2018-08-06T00:48:27","date_gmt":"2018-08-05T22:48:27","guid":{"rendered":"http:\/\/obigies.be\/?page_id=271"},"modified":"2018-08-06T00:48:27","modified_gmt":"2018-08-05T22:48:27","slug":"divers","status":"publish","type":"page","link":"https:\/\/obigies.be\/index.php\/divers\/","title":{"rendered":"Divers"},"content":{"rendered":"<p>Pour un meilleur fonctionnement du club, nous sommes encore \u00e0 la recherche\u00a0:<\/p>\n<ul>\n<li>De sponsors<\/li>\n<li>D\u2019entraineurs<\/li>\n<li>De d\u00e9l\u00e9gu\u00e9s d\u2019\u00e9quipes (parents acceptant de \u00ab\u00a0seconder\u00a0\u00bb l\u2019entraineur)<\/li>\n<li>De b\u00e9n\u00e9voles d\u00e9sirant s\u2019investir dans le club et rejoindre le comit\u00e9<\/li>\n<li>D\u2019arbitres pour les matchs et tournois diablotins et pr\u00e9minimes.<\/li>\n<li>De personnes qui accepteraient de tenir la buvette de temps en temps.<\/li>\n<\/ul>\n<p>Si vous \u00eates pr\u00eats \u00e0 nous aider ou si vous connaissez quelqu\u2019un que cela int\u00e9resse, faites-le nous savoir.<\/p>\n<p>Merci d\u2019avance\u00a0!!!<\/p>\n","protected":false},"excerpt":{"rendered":"<p>Pour un meilleur fonctionnement du club, nous sommes encore \u00e0 la recherche\u00a0: De sponsors D\u2019entraineurs De d\u00e9l\u00e9gu\u00e9s d\u2019\u00e9quipes (parents acceptant de \u00ab\u00a0seconder\u00a0\u00bb l\u2019entraineur) De b\u00e9n\u00e9voles d\u00e9sirant s\u2019investir dans le club et rejoindre le comit\u00e9 D\u2019arbitres pour les matchs et tournois diablotins et pr\u00e9minimes. De personnes qui accepteraient de tenir la buvette de temps en temps. [&hellip;]<\/p>\n","protected":false},"author":1,"featured_media":0,"parent":0,"menu_order":0,"comment_status":"closed","ping_status":"closed","template":"page-templates\/full-width.php","meta":{"footnotes":""},"_links":{"self":[{"href":"https:\/\/obigies.be\/index.php\/wp-json\/wp\/v2\/pages\/271"}],"collection":[{"href":"https:\/\/obigies.be\/index.php\/wp-json\/wp\/v2\/pages"}],"about":[{"href":"https:\/\/obigies.be\/index.php\/wp-json\/wp\/v2\/types\/page"}],"author":[{"embeddable":true,"href":"https:\/\/obigies.be\/index.php\/wp-json\/wp\/v2\/users\/1"}],"replies":[{"embeddable":true,"href":"https:\/\/obigies.be\/index.php\/wp-json\/wp\/v2\/comments?post=271"}],"version-history":[{"count":1,"href":"https:\/\/obigies.be\/index.php\/wp-json\/wp\/v2\/pages\/271\/revisions"}],"predecessor-version":[{"id":273,"href":"https:\/\/obigies.be\/index.php\/wp-json\/wp\/v2\/pages\/271\/revisions\/273"}],"wp:attachment":[{"href":"https:\/\/obigies.be\/index.php\/wp-json\/wp\/v2\/media?parent=271"}],"curies":[{"name":"wp","href":"https:\/\/api.w.org\/{rel}","templated":true}]}}