{"id":274,"date":"2018-08-06T00:49:58","date_gmt":"2018-08-05T22:49:58","guid":{"rendered":"http:\/\/obigies.be\/?page_id=274"},"modified":"2022-12-24T10:21:32","modified_gmt":"2022-12-24T09:21:32","slug":"comite-adultes","status":"publish","type":"page","link":"https:\/\/obigies.be\/index.php\/comite-adultes\/","title":{"rendered":"Comit\u00e9 Adultes"},"content":{"rendered":"<ul>\n<li><strong>Pr\u00e9sident :<\/strong> <a href=\"https:\/\/obigies.be\/index.php\/staff\/daniel-berte\/\">Daniel Berte<\/a><\/li>\n<li><strong>Coordinateur s<\/strong><strong>portif :<\/strong> <a href=\"https:\/\/obigies.be\/index.php\/staff\/thierry-colin\/\">Thierry Colin<\/a><\/li>\n<li><strong>Correspondant qualifi\u00e9 :<\/strong> <a href=\"https:\/\/obigies.be\/index.php\/staff\/jean-hennart\/\" target=\"_blank\" rel=\"noopener noreferrer\">Jean Hennart<\/a><\/li>\n<li><strong>Tr\u00e9sorier :<\/strong> <a href=\"https:\/\/obigies.be\/index.php\/staff\/frederic-deconinck\/\">Fr\u00e9d\u00e9ric Deconinck<\/a><\/li>\n<li><strong>Responsable \u00ab\u00a0Site Obigies\u00a0\u00bb :<\/strong> <a href=\"https:\/\/obigies.be\/index.php\/staff\/demeu-dany\/\">Dany Demeu<\/a><\/li>\n<li><strong>Responsable \u00ab\u00a0Site Warcoing\u00a0\u00bb :<\/strong> <a href=\"https:\/\/obigies.be\/index.php\/staff\/ludovic-ladriere\/\" target=\"_blank\" rel=\"noopener noreferrer\">Ludovic Ladri\u00e8re<\/a><\/li>\n<li><strong>Responsable \u00ab\u00a0Buvette Obigies\u00a0\u00bb<\/strong> : <a href=\"https:\/\/obigies.be\/index.php\/staff\/florence-desbarbieux\/\">Florence Desbarbieux<\/a><\/li>\n<li><strong>Membre du comit\u00e9 :<\/strong> <a href=\"https:\/\/obigies.be\/index.php\/staff\/jean-christophe-spreux\/\">Spreux Jean-Christophe<\/a><\/li>\n<li><strong>Membre du comit\u00e9 :<\/strong> <a href=\"https:\/\/obigies.be\/index.php\/staff\/regis-mulliez\/\">Mulliez R\u00e9gis<\/a><\/li>\n<li><strong>Membre du comit\u00e9 :<\/strong> <a href=\"https:\/\/obigies.be\/index.php\/staff\/christophe-duquesne\/\">Christophe Duquesne<\/a><\/li>\n<li><strong>Membre du Comit\u00e9 :<\/strong> <a href=\"https:\/\/obigies.be\/index.php\/staff\/patrick-bachely\/\">Patrick Bachely<\/a><\/li>\n<\/ul>\n","protected":false},"excerpt":{"rendered":"<p>Pr\u00e9sident : Daniel Berte Coordinateur sportif : Thierry Colin Correspondant qualifi\u00e9 : Jean Hennart Tr\u00e9sorier : Fr\u00e9d\u00e9ric Deconinck Responsable \u00ab\u00a0Site Obigies\u00a0\u00bb : Dany Demeu Responsable \u00ab\u00a0Site Warcoing\u00a0\u00bb : Ludovic Ladri\u00e8re Responsable \u00ab\u00a0Buvette Obigies\u00a0\u00bb : Florence Desbarbieux Membre du comit\u00e9 : Spreux Jean-Christophe Membre du comit\u00e9 : Mulliez R\u00e9gis Membre du comit\u00e9 : Christophe Duquesne Membre [&hellip;]<\/p>\n","protected":false},"author":1,"featured_media":0,"parent":0,"menu_order":0,"comment_status":"closed","ping_status":"closed","template":"page-templates\/full-width.php","meta":{"footnotes":""},"_links":{"self":[{"href":"https:\/\/obigies.be\/index.php\/wp-json\/wp\/v2\/pages\/274"}],"collection":[{"href":"https:\/\/obigies.be\/index.php\/wp-json\/wp\/v2\/pages"}],"about":[{"href":"https:\/\/obigies.be\/index.php\/wp-json\/wp\/v2\/types\/page"}],"author":[{"embeddable":true,"href":"https:\/\/obigies.be\/index.php\/wp-json\/wp\/v2\/users\/1"}],"replies":[{"embeddable":true,"href":"https:\/\/obigies.be\/index.php\/wp-json\/wp\/v2\/comments?post=274"}],"version-history":[{"count":13,"href":"https:\/\/obigies.be\/index.php\/wp-json\/wp\/v2\/pages\/274\/revisions"}],"predecessor-version":[{"id":1075,"href":"https:\/\/obigies.be\/index.php\/wp-json\/wp\/v2\/pages\/274\/revisions\/1075"}],"wp:attachment":[{"href":"https:\/\/obigies.be\/index.php\/wp-json\/wp\/v2\/media?parent=274"}],"curies":[{"name":"wp","href":"https:\/\/api.w.org\/{rel}","templated":true}]}}