{"id":357,"date":"2018-08-06T09:25:21","date_gmt":"2018-08-06T07:25:21","guid":{"rendered":"http:\/\/obigies.be\/?page_id=357"},"modified":"2023-07-18T11:04:45","modified_gmt":"2023-07-18T09:04:45","slug":"le-staff-seniors","status":"publish","type":"page","link":"https:\/\/obigies.be\/index.php\/le-staff-seniors\/","title":{"rendered":"Le staff Seniors"},"content":{"rendered":"<p>Pour le comit\u00e9, cliquez <a href=\"https:\/\/obigies.be\/index.php\/comite-adultes\/\" target=\"_blank\" rel=\"noopener noreferrer\">ICI<\/a><\/p>\n<p>En cliquant sur le nom de la personne, vous acc\u00e9dez \u00e0 ses coordonn\u00e9es :<\/p>\n<p>Entra\u00eeneur P2 : <a href=\"https:\/\/obigies.be\/index.php\/staff\/fabien-delbeeke\/\">Fabien Delbeeke<\/a><br \/>\nT2 P2 : <a href=\"https:\/\/obigies.be\/index.php\/staff\/thierry-colin\/\">Thierry Colin<\/a><br \/>\nEntra\u00eeneur P4 : <a href=\"https:\/\/obigies.be\/index.php\/staff\/gregory-baber\/\">Gr\u00e9gory Baber<\/a><br \/>\nEntraineurs P3A Dames : <a href=\"https:\/\/obigies.be\/index.php\/staff\/eric-lemay\/\" target=\"_blank\" rel=\"noopener\">Eric Lemay<\/a> et <a href=\"https:\/\/obigies.be\/index.php\/staff\/pierre-tamigneau\/\" target=\"_blank\" rel=\"noopener\">Pierre Tamigniau<\/a><br \/>\nEntraineur R\u00e9serves : <a href=\"https:\/\/obigies.be\/index.php\/staff\/tom-marquant\/\" target=\"_blank\" rel=\"noopener\">Tom Marquant<\/a> et <a href=\"https:\/\/obigies.be\/index.php\/staff\/jean-hennart\/\" target=\"_blank\" rel=\"noopener\">Jean Hennart<\/a><br \/>\nResponsable V\u00e9t\u00e9rans : <a href=\"https:\/\/obigies.be\/index.php\/staff\/ludovic-ladriere\/\" target=\"_blank\" rel=\"noopener\">Ludovic Ladri\u00e8re<\/a><br \/>\nEntraineur des gardiens : <a href=\"https:\/\/obigies.be\/index.php\/staff\/frederic-menedene\/?fbclid=IwAR2zroGXbj-hYJr3pgH3Iq28gXb0jW78i0bRIBHQt-lQyz7s9g_8yYgcmBg\" target=\"_blank\" rel=\"noopener\">Fr\u00e9d\u00e9ric M\u00e9n\u00e9d\u00e8ne<\/a><br \/>\nKin\u00e9 : <a href=\"https:\/\/obigies.be\/index.php\/staff\/enzo-colin\/\" target=\"_blank\" rel=\"noopener\">Enzo Colin<\/a><\/p>\n","protected":false},"excerpt":{"rendered":"<p>Pour le comit\u00e9, cliquez ICI En cliquant sur le nom de la personne, vous acc\u00e9dez \u00e0 ses coordonn\u00e9es : Entra\u00eeneur P2 : Fabien Delbeeke T2 P2 : Thierry Colin Entra\u00eeneur P4 : Gr\u00e9gory Baber Entraineurs P3A Dames : Eric Lemay et Pierre Tamigniau Entraineur R\u00e9serves : Tom Marquant et Jean Hennart Responsable V\u00e9t\u00e9rans : Ludovic [&hellip;]<\/p>\n","protected":false},"author":1,"featured_media":0,"parent":0,"menu_order":0,"comment_status":"closed","ping_status":"closed","template":"page-templates\/full-width.php","meta":{"footnotes":""},"_links":{"self":[{"href":"https:\/\/obigies.be\/index.php\/wp-json\/wp\/v2\/pages\/357"}],"collection":[{"href":"https:\/\/obigies.be\/index.php\/wp-json\/wp\/v2\/pages"}],"about":[{"href":"https:\/\/obigies.be\/index.php\/wp-json\/wp\/v2\/types\/page"}],"author":[{"embeddable":true,"href":"https:\/\/obigies.be\/index.php\/wp-json\/wp\/v2\/users\/1"}],"replies":[{"embeddable":true,"href":"https:\/\/obigies.be\/index.php\/wp-json\/wp\/v2\/comments?post=357"}],"version-history":[{"count":24,"href":"https:\/\/obigies.be\/index.php\/wp-json\/wp\/v2\/pages\/357\/revisions"}],"predecessor-version":[{"id":1215,"href":"https:\/\/obigies.be\/index.php\/wp-json\/wp\/v2\/pages\/357\/revisions\/1215"}],"wp:attachment":[{"href":"https:\/\/obigies.be\/index.php\/wp-json\/wp\/v2\/media?parent=357"}],"curies":[{"name":"wp","href":"https:\/\/api.w.org\/{rel}","templated":true}]}}