{"id":410,"date":"2018-08-07T06:09:33","date_gmt":"2018-08-07T04:09:33","guid":{"rendered":"http:\/\/obigies.be\/?page_id=410"},"modified":"2023-07-14T18:37:01","modified_gmt":"2023-07-14T16:37:01","slug":"u6","status":"publish","type":"page","link":"https:\/\/obigies.be\/index.php\/u6\/","title":{"rendered":"U6"},"content":{"rendered":"<p>U6 (n\u00e9 en 2019 ou 2018)<\/p>\n<p>Entra\u00eeneur : <a href=\"https:\/\/obigies.be\/index.php\/staff\/nicolas-grugeon\/\">Nicolas Grugeon<\/a><br \/>\nAid\u00e9 par <a href=\"https:\/\/obigies.be\/index.php\/staff\/diego-colin\/\">Diego Colin<\/a><\/p>\n","protected":false},"excerpt":{"rendered":"<p>U6 (n\u00e9 en 2019 ou 2018) Entra\u00eeneur : Nicolas Grugeon Aid\u00e9 par Diego Colin<\/p>\n","protected":false},"author":1,"featured_media":0,"parent":0,"menu_order":0,"comment_status":"closed","ping_status":"closed","template":"page-templates\/full-width.php","meta":{"footnotes":""},"_links":{"self":[{"href":"https:\/\/obigies.be\/index.php\/wp-json\/wp\/v2\/pages\/410"}],"collection":[{"href":"https:\/\/obigies.be\/index.php\/wp-json\/wp\/v2\/pages"}],"about":[{"href":"https:\/\/obigies.be\/index.php\/wp-json\/wp\/v2\/types\/page"}],"author":[{"embeddable":true,"href":"https:\/\/obigies.be\/index.php\/wp-json\/wp\/v2\/users\/1"}],"replies":[{"embeddable":true,"href":"https:\/\/obigies.be\/index.php\/wp-json\/wp\/v2\/comments?post=410"}],"version-history":[{"count":9,"href":"https:\/\/obigies.be\/index.php\/wp-json\/wp\/v2\/pages\/410\/revisions"}],"predecessor-version":[{"id":1117,"href":"https:\/\/obigies.be\/index.php\/wp-json\/wp\/v2\/pages\/410\/revisions\/1117"}],"wp:attachment":[{"href":"https:\/\/obigies.be\/index.php\/wp-json\/wp\/v2\/media?parent=410"}],"curies":[{"name":"wp","href":"https:\/\/api.w.org\/{rel}","templated":true}]}}