{"id":488,"date":"2018-08-07T06:55:05","date_gmt":"2018-08-07T04:55:05","guid":{"rendered":"http:\/\/obigies.be\/?page_id=488"},"modified":"2022-09-03T15:40:19","modified_gmt":"2022-09-03T13:40:19","slug":"lassa-boutique","status":"publish","type":"page","link":"https:\/\/obigies.be\/index.php\/lassa-boutique\/","title":{"rendered":"L&rsquo;ASSA Boutique"},"content":{"rendered":"<p>En tant que membres de l&rsquo;ASSA, vous profitez d&rsquo;une ristourne de 40 % sur les prix catalogue de notre fournisseur Jako.<\/p>\n<p>Si vous d\u00e9sirez floquer notre logo, vous devez compter 3 \u20ac\/pi\u00e8ce en plus. Si vous d\u00e9sirez floquer un nom ou un num\u00e9ro, vous devez rajouter aussi 3 \u20ac\/pi\u00e8ce.<\/p>\n<p>N&rsquo;h\u00e9sitez pas \u00e0 consulter les artciles Jako en cliquant <a href=\"https:\/\/www.jako.be\/fr\/\" target=\"_blank\" rel=\"noopener noreferrer\">ici<\/a><\/p>\n<p>Pour toute commande, prenez note de la page, du num\u00e9ro de r\u00e9f\u00e9rence de l&rsquo;article d\u00e9sir\u00e9, la taille voulue et envoyez toutes ces infos \u00e0\u00a0<a href=\"https:\/\/obigies.be\/index.php\/staff\/frederic-deconinck\/\" target=\"_blank\" rel=\"noopener noreferrer\">Fred\u00a0<\/a>(Cliquez sur le nom pour acc\u00e9der aux coordonn\u00e9es)<\/p>\n","protected":false},"excerpt":{"rendered":"<p>En tant que membres de l&rsquo;ASSA, vous profitez d&rsquo;une ristourne de 40 % sur les prix catalogue de notre fournisseur Jako. Si vous d\u00e9sirez floquer notre logo, vous devez compter 3 \u20ac\/pi\u00e8ce en plus. Si vous d\u00e9sirez floquer un nom ou un num\u00e9ro, vous devez rajouter aussi 3 \u20ac\/pi\u00e8ce. N&rsquo;h\u00e9sitez pas \u00e0 consulter les artciles [&hellip;]<\/p>\n","protected":false},"author":1,"featured_media":0,"parent":0,"menu_order":0,"comment_status":"closed","ping_status":"closed","template":"page-templates\/full-width.php","meta":{"footnotes":""},"_links":{"self":[{"href":"https:\/\/obigies.be\/index.php\/wp-json\/wp\/v2\/pages\/488"}],"collection":[{"href":"https:\/\/obigies.be\/index.php\/wp-json\/wp\/v2\/pages"}],"about":[{"href":"https:\/\/obigies.be\/index.php\/wp-json\/wp\/v2\/types\/page"}],"author":[{"embeddable":true,"href":"https:\/\/obigies.be\/index.php\/wp-json\/wp\/v2\/users\/1"}],"replies":[{"embeddable":true,"href":"https:\/\/obigies.be\/index.php\/wp-json\/wp\/v2\/comments?post=488"}],"version-history":[{"count":14,"href":"https:\/\/obigies.be\/index.php\/wp-json\/wp\/v2\/pages\/488\/revisions"}],"predecessor-version":[{"id":1041,"href":"https:\/\/obigies.be\/index.php\/wp-json\/wp\/v2\/pages\/488\/revisions\/1041"}],"wp:attachment":[{"href":"https:\/\/obigies.be\/index.php\/wp-json\/wp\/v2\/media?parent=488"}],"curies":[{"name":"wp","href":"https:\/\/api.w.org\/{rel}","templated":true}]}}