{"id":797,"date":"2019-08-10T18:07:05","date_gmt":"2019-08-10T16:07:05","guid":{"rendered":"http:\/\/obigies.be\/?page_id=797"},"modified":"2025-07-28T15:24:13","modified_gmt":"2025-07-28T13:24:13","slug":"horaires-des-entrainements","status":"publish","type":"page","link":"https:\/\/obigies.be\/index.php\/horaires-des-entrainements\/","title":{"rendered":"Horaires des entra\u00eenements"},"content":{"rendered":"<p>Horaire des entra\u00eenements \u00e0 partir du 22 juillet2025<\/p>\n<p><img loading=\"lazy\" decoding=\"async\" class=\"alignnone wp-image-1248\" src=\"https:\/\/obigies.be\/wp-content\/uploads\/2025\/07\/Horaire-entrainements-25-26-300x199.png\" alt=\"\" width=\"848\" height=\"562\" srcset=\"https:\/\/obigies.be\/wp-content\/uploads\/2025\/07\/Horaire-entrainements-25-26-300x199.png 300w, https:\/\/obigies.be\/wp-content\/uploads\/2025\/07\/Horaire-entrainements-25-26-128x85.png 128w, https:\/\/obigies.be\/wp-content\/uploads\/2025\/07\/Horaire-entrainements-25-26-32x21.png 32w, https:\/\/obigies.be\/wp-content\/uploads\/2025\/07\/Horaire-entrainements-25-26-2x1.png 2w, https:\/\/obigies.be\/wp-content\/uploads\/2025\/07\/Horaire-entrainements-25-26.png 605w\" sizes=\"(max-width: 848px) 100vw, 848px\" \/><\/p>\n<p>Horaire des entrainements \u00e0 partir du 25 ao\u00fbt 2025<\/p>\n<p><img loading=\"lazy\" decoding=\"async\" class=\"alignnone  wp-image-1251\" src=\"https:\/\/obigies.be\/wp-content\/uploads\/2025\/07\/Horaire-entrainements-25-26-bis-300x234.png\" alt=\"\" width=\"844\" height=\"658\" srcset=\"https:\/\/obigies.be\/wp-content\/uploads\/2025\/07\/Horaire-entrainements-25-26-bis-300x234.png 300w, https:\/\/obigies.be\/wp-content\/uploads\/2025\/07\/Horaire-entrainements-25-26-bis-128x100.png 128w, https:\/\/obigies.be\/wp-content\/uploads\/2025\/07\/Horaire-entrainements-25-26-bis-32x25.png 32w, https:\/\/obigies.be\/wp-content\/uploads\/2025\/07\/Horaire-entrainements-25-26-bis-1x1.png 1w, https:\/\/obigies.be\/wp-content\/uploads\/2025\/07\/Horaire-entrainements-25-26-bis.png 605w\" sizes=\"(max-width: 844px) 100vw, 844px\" \/><\/p>\n","protected":false},"excerpt":{"rendered":"<p>Horaire des entra\u00eenements \u00e0 partir du 22 juillet2025 Horaire des entrainements \u00e0 partir du 25 ao\u00fbt 2025<\/p>\n","protected":false},"author":1,"featured_media":0,"parent":0,"menu_order":0,"comment_status":"closed","ping_status":"closed","template":"page-templates\/full-width.php","meta":{"footnotes":""},"_links":{"self":[{"href":"https:\/\/obigies.be\/index.php\/wp-json\/wp\/v2\/pages\/797"}],"collection":[{"href":"https:\/\/obigies.be\/index.php\/wp-json\/wp\/v2\/pages"}],"about":[{"href":"https:\/\/obigies.be\/index.php\/wp-json\/wp\/v2\/types\/page"}],"author":[{"embeddable":true,"href":"https:\/\/obigies.be\/index.php\/wp-json\/wp\/v2\/users\/1"}],"replies":[{"embeddable":true,"href":"https:\/\/obigies.be\/index.php\/wp-json\/wp\/v2\/comments?post=797"}],"version-history":[{"count":27,"href":"https:\/\/obigies.be\/index.php\/wp-json\/wp\/v2\/pages\/797\/revisions"}],"predecessor-version":[{"id":1252,"href":"https:\/\/obigies.be\/index.php\/wp-json\/wp\/v2\/pages\/797\/revisions\/1252"}],"wp:attachment":[{"href":"https:\/\/obigies.be\/index.php\/wp-json\/wp\/v2\/media?parent=797"}],"curies":[{"name":"wp","href":"https:\/\/api.w.org\/{rel}","templated":true}]}}