{"id":941,"date":"2021-07-21T18:24:51","date_gmt":"2021-07-21T16:24:51","guid":{"rendered":"http:\/\/obigies.be\/?page_id=941"},"modified":"2021-07-21T18:24:51","modified_gmt":"2021-07-21T16:24:51","slug":"fin-de-saison","status":"publish","type":"page","link":"https:\/\/obigies.be\/index.php\/fin-de-saison\/","title":{"rendered":"Fin de saison"},"content":{"rendered":"<p>En fin de saison, nous vous demanderons de nous informer pour le 1er mai de vos souhaits pour la saison suivante : continuer dans le club, changer de club, arr\u00eater le football. En fonction de vos r\u00e9ponses, nous pourrons, en toute connaissance de cause, inscrire aupr\u00e8s de la F\u00e9d\u00e9ration nos \u00e9quipes pour la saison suivante.<br \/>\nSi le souhait de votre enfant est de changer de club, vous avez deux possibilit\u00e9s.<br \/>\nLa F\u00e9d\u00e9ration a mis en place une p\u00e9riode officielle de d\u00e9mission entre le 1er et le 30 avril, par voie \u00e9lectronique. Une fois que vous aurez d\u00e9missionn\u00e9, vous aurez la libert\u00e9 d\u2019affilier votre enfant dans le club de votre choix. Nous vous conseillons cependant de vous informer aupr\u00e8s du futur club des implications de cette proc\u00e9dure.<br \/>\nL\u2019autre possibilit\u00e9 est de nous demander un transfert \u00ab \u00e0 l\u2019amiable \u00bb. Si cette demande est faite dans les d\u00e9lais fix\u00e9s et dans le respect de vos engagements envers le club, cette demande sera accept\u00e9e. Ces transferts se font pour une dur\u00e9e de 1 an, renouvelables, pour les \u00e9quipes de jeunes.<br \/>\nSi cette demande de transfert arrive tardivement (apr\u00e8s le 1er mai), nous nous r\u00e9servons le droit d\u2019\u00e9ventuellement la refuser. En effet, lorsque nous inscrivons une \u00e9quipe pour la saison suivante, nous avons l\u2019engagement moral, envers les joueurs du groupe, leurs parents ainsi que l\u2019entraineur, de mettre l\u2019\u00e9quipe dans les meilleures conditions possibles pour la saison suivante. Or, tout d\u00e9part non pr\u00e9vu peut mettre en p\u00e9ril la survie d\u2019une \u00e9quipe. Si tel est le cas, par respect pour le reste de l\u2019\u00e9quipe, nous pourrions donc refuser un transfert.<br \/>\nDe m\u00eame, dans l\u2019autre sens, si un joueur veut rejoindre une de nos \u00e9quipes, nous lui demandons de contacter son entraineur et\/ou ses dirigeants pour voir si \u00e7a ne posera pas de probl\u00e8me pour l\u2019\u00e9quipe qu\u2019il quitterait.<br \/>\nPour un joueur transf\u00e9r\u00e9 qui jouait d\u00e9j\u00e0 \u00e0 Obigies cette saison, sachez que dans la grande majorit\u00e9 des cas, la d\u00e9marche est \u00e0 renouveler chaque ann\u00e9e. Pensez \u00e0 interpeller le <a href=\"https:\/\/obigies.be\/index.php\/staff\/jean-hennart\/\" target=\"_blank\" rel=\"noopener noreferrer\">Correspondant Qualifi\u00e9<\/a> ou le <a href=\"https:\/\/obigies.be\/index.php\/staff\/jean-louis-debaes\/\" target=\"_blank\" rel=\"noopener noreferrer\">Secr\u00e9taire des jeunes<\/a> pour introduire une demande de transfert pour la future saison.<\/p>\n","protected":false},"excerpt":{"rendered":"<p>En fin de saison, nous vous demanderons de nous informer pour le 1er mai de vos souhaits pour la saison suivante : continuer dans le club, changer de club, arr\u00eater le football. En fonction de vos r\u00e9ponses, nous pourrons, en toute connaissance de cause, inscrire aupr\u00e8s de la F\u00e9d\u00e9ration nos \u00e9quipes pour la saison suivante. [&hellip;]<\/p>\n","protected":false},"author":1,"featured_media":0,"parent":0,"menu_order":0,"comment_status":"closed","ping_status":"closed","template":"","meta":{"footnotes":""},"_links":{"self":[{"href":"https:\/\/obigies.be\/index.php\/wp-json\/wp\/v2\/pages\/941"}],"collection":[{"href":"https:\/\/obigies.be\/index.php\/wp-json\/wp\/v2\/pages"}],"about":[{"href":"https:\/\/obigies.be\/index.php\/wp-json\/wp\/v2\/types\/page"}],"author":[{"embeddable":true,"href":"https:\/\/obigies.be\/index.php\/wp-json\/wp\/v2\/users\/1"}],"replies":[{"embeddable":true,"href":"https:\/\/obigies.be\/index.php\/wp-json\/wp\/v2\/comments?post=941"}],"version-history":[{"count":1,"href":"https:\/\/obigies.be\/index.php\/wp-json\/wp\/v2\/pages\/941\/revisions"}],"predecessor-version":[{"id":943,"href":"https:\/\/obigies.be\/index.php\/wp-json\/wp\/v2\/pages\/941\/revisions\/943"}],"wp:attachment":[{"href":"https:\/\/obigies.be\/index.php\/wp-json\/wp\/v2\/media?parent=941"}],"curies":[{"name":"wp","href":"https:\/\/api.w.org\/{rel}","templated":true}]}}