{"id":95,"date":"2018-04-29T23:18:58","date_gmt":"2018-04-29T21:18:58","guid":{"rendered":"http:\/\/obigies.be\/?page_id=95"},"modified":"2025-08-01T15:26:09","modified_gmt":"2025-08-01T13:26:09","slug":"premieres-4a","status":"publish","type":"page","link":"https:\/\/obigies.be\/index.php\/nos-equipes\/premieres-4a\/","title":{"rendered":"Premi\u00e8res 4A"},"content":{"rendered":"<p>Entra\u00eeneurs :<\/p>\n<p>T1 : <a href=\"https:\/\/obigies.be\/index.php\/staff\/gregory-colin\/\">Gr\u00e9gory Colin<\/a><\/p>\n<p>Tout savoir sur le calendrier, les matches, les r\u00e9sultats des P4 ?<br \/>\nCliquez <a href=\"https:\/\/www.rbfa.be\/fr\/club\/2020\/equipe\/332645\/apercu\" target=\"_blank\" rel=\"noopener noreferrer\">ICI<\/a><\/p>\n","protected":false},"excerpt":{"rendered":"<p>Entra\u00eeneurs : T1 : Gr\u00e9gory Colin Tout savoir sur le calendrier, les matches, les r\u00e9sultats des P4 ? Cliquez ICI<\/p>\n","protected":false},"author":1,"featured_media":0,"parent":61,"menu_order":0,"comment_status":"closed","ping_status":"closed","template":"page-templates\/full-width.php","meta":{"footnotes":""},"_links":{"self":[{"href":"https:\/\/obigies.be\/index.php\/wp-json\/wp\/v2\/pages\/95"}],"collection":[{"href":"https:\/\/obigies.be\/index.php\/wp-json\/wp\/v2\/pages"}],"about":[{"href":"https:\/\/obigies.be\/index.php\/wp-json\/wp\/v2\/types\/page"}],"author":[{"embeddable":true,"href":"https:\/\/obigies.be\/index.php\/wp-json\/wp\/v2\/users\/1"}],"replies":[{"embeddable":true,"href":"https:\/\/obigies.be\/index.php\/wp-json\/wp\/v2\/comments?post=95"}],"version-history":[{"count":19,"href":"https:\/\/obigies.be\/index.php\/wp-json\/wp\/v2\/pages\/95\/revisions"}],"predecessor-version":[{"id":1292,"href":"https:\/\/obigies.be\/index.php\/wp-json\/wp\/v2\/pages\/95\/revisions\/1292"}],"up":[{"embeddable":true,"href":"https:\/\/obigies.be\/index.php\/wp-json\/wp\/v2\/pages\/61"}],"wp:attachment":[{"href":"https:\/\/obigies.be\/index.php\/wp-json\/wp\/v2\/media?parent=95"}],"curies":[{"name":"wp","href":"https:\/\/api.w.org\/{rel}","templated":true}]}}