{"id":98,"date":"2018-04-29T23:19:33","date_gmt":"2018-04-29T21:19:33","guid":{"rendered":"http:\/\/obigies.be\/?page_id=98"},"modified":"2024-08-10T22:23:17","modified_gmt":"2024-08-10T20:23:17","slug":"reserves","status":"publish","type":"page","link":"https:\/\/obigies.be\/index.php\/nos-equipes\/reserves\/","title":{"rendered":"R\u00e9serves"},"content":{"rendered":"<p>Entra\u00eeneurs (en cliquant sur le nom de la personne, vous acc\u00e9dez \u00e0 leurs coordonn\u00e9es) ::<\/p>\n<p><a href=\"https:\/\/obigies.be\/index.php\/staff\/tom-marquant\/\" target=\"_blank\" rel=\"noopener\">Tom Marquant<\/a><br \/>\n<a href=\"https:\/\/obigies.be\/index.php\/staff\/jean-hennart\/\" target=\"_blank\" rel=\"noopener\">Jean Hennart<\/a><\/p>\n<p>Tout savoir sur le calendrier, les matches, les r\u00e9sultats des r\u00e9serves ?<br \/>\nCliquez\u00a0<a href=\"https:\/\/www.rbfa.be\/fr\/club\/2020\/equipe\/312886\/apercu\" target=\"_blank\" rel=\"noopener noreferrer\">ICI<\/a><\/p>\n","protected":false},"excerpt":{"rendered":"<p>Entra\u00eeneurs (en cliquant sur le nom de la personne, vous acc\u00e9dez \u00e0 leurs coordonn\u00e9es) :: Tom Marquant Jean Hennart Tout savoir sur le calendrier, les matches, les r\u00e9sultats des r\u00e9serves ? Cliquez\u00a0ICI<\/p>\n","protected":false},"author":1,"featured_media":0,"parent":61,"menu_order":0,"comment_status":"closed","ping_status":"closed","template":"page-templates\/full-width.php","meta":{"footnotes":""},"_links":{"self":[{"href":"https:\/\/obigies.be\/index.php\/wp-json\/wp\/v2\/pages\/98"}],"collection":[{"href":"https:\/\/obigies.be\/index.php\/wp-json\/wp\/v2\/pages"}],"about":[{"href":"https:\/\/obigies.be\/index.php\/wp-json\/wp\/v2\/types\/page"}],"author":[{"embeddable":true,"href":"https:\/\/obigies.be\/index.php\/wp-json\/wp\/v2\/users\/1"}],"replies":[{"embeddable":true,"href":"https:\/\/obigies.be\/index.php\/wp-json\/wp\/v2\/comments?post=98"}],"version-history":[{"count":8,"href":"https:\/\/obigies.be\/index.php\/wp-json\/wp\/v2\/pages\/98\/revisions"}],"predecessor-version":[{"id":875,"href":"https:\/\/obigies.be\/index.php\/wp-json\/wp\/v2\/pages\/98\/revisions\/875"}],"up":[{"embeddable":true,"href":"https:\/\/obigies.be\/index.php\/wp-json\/wp\/v2\/pages\/61"}],"wp:attachment":[{"href":"https:\/\/obigies.be\/index.php\/wp-json\/wp\/v2\/media?parent=98"}],"curies":[{"name":"wp","href":"https:\/\/api.w.org\/{rel}","templated":true}]}}